{"id":764,"date":"2025-09-12T04:50:22","date_gmt":"2025-09-12T04:50:22","guid":{"rendered":"http:\/\/www.xn--szpargay-dpb.pl\/?post_type=product&#038;p=764"},"modified":"2026-02-18T11:16:42","modified_gmt":"2026-02-18T11:16:42","slug":"stol-i-osiem-krzesel","status":"publish","type":"product","link":"https:\/\/www.xn--szpargay-dpb.pl\/index.php\/produkt\/stol-i-osiem-krzesel\/","title":{"rendered":"St\u00f3\u0142 i osiem krzese\u0142 super cena!"},"content":{"rendered":"<p>Komplet sk\u0142adaj\u0105cy si\u0119 ze sto\u0142u i o\u015bmiu krzese\u0142 w kolorze Jasny D\u0105b. Teraz super cena z dost\u0119pno\u015bci\u0105 od r\u0119ki!<\/p>\n","protected":false},"excerpt":{"rendered":"<p>Do domu i ogrodu. Transport na terenie kraju gratis! Promocja ograniczona czasowo do 10.10. 2025 r.<\/p>\n","protected":false},"featured_media":763,"comment_status":"open","ping_status":"closed","template":"","meta":[],"product_brand":[],"product_cat":[18,23,30,213],"product_tag":[215,225,183],"class_list":{"0":"post-764","1":"product","2":"type-product","3":"status-publish","4":"has-post-thumbnail","6":"product_cat-dom-i-ogrod","7":"product_cat-meble","8":"product_cat-produkty-premium","9":"product_cat-strefa-producenta-mebli","10":"product_tag-komplet-mebli","11":"product_tag-marketplace","12":"product_tag-olkusz","14":"first","15":"instock","16":"sale","17":"shipping-taxable","18":"purchasable","19":"product-type-simple"},"_links":{"self":[{"href":"https:\/\/www.xn--szpargay-dpb.pl\/index.php\/wp-json\/wp\/v2\/product\/764","targetHints":{"allow":["GET"]}}],"collection":[{"href":"https:\/\/www.xn--szpargay-dpb.pl\/index.php\/wp-json\/wp\/v2\/product"}],"about":[{"href":"https:\/\/www.xn--szpargay-dpb.pl\/index.php\/wp-json\/wp\/v2\/types\/product"}],"replies":[{"embeddable":true,"href":"https:\/\/www.xn--szpargay-dpb.pl\/index.php\/wp-json\/wp\/v2\/comments?post=764"}],"wp:featuredmedia":[{"embeddable":true,"href":"https:\/\/www.xn--szpargay-dpb.pl\/index.php\/wp-json\/wp\/v2\/media\/763"}],"wp:attachment":[{"href":"https:\/\/www.xn--szpargay-dpb.pl\/index.php\/wp-json\/wp\/v2\/media?parent=764"}],"wp:term":[{"taxonomy":"product_brand","embeddable":true,"href":"https:\/\/www.xn--szpargay-dpb.pl\/index.php\/wp-json\/wp\/v2\/product_brand?post=764"},{"taxonomy":"product_cat","embeddable":true,"href":"https:\/\/www.xn--szpargay-dpb.pl\/index.php\/wp-json\/wp\/v2\/product_cat?post=764"},{"taxonomy":"product_tag","embeddable":true,"href":"https:\/\/www.xn--szpargay-dpb.pl\/index.php\/wp-json\/wp\/v2\/product_tag?post=764"}],"curies":[{"name":"wp","href":"https:\/\/api.w.org\/{rel}","templated":true}]}}