{"id":739,"date":"2025-08-24T04:49:29","date_gmt":"2025-08-24T04:49:29","guid":{"rendered":"http:\/\/www.xn--szpargay-dpb.pl\/?post_type=product&#038;p=739"},"modified":"2025-11-23T13:26:43","modified_gmt":"2025-11-23T13:26:43","slug":"medal-1914-1918","status":"publish","type":"product","link":"https:\/\/www.xn--szpargay-dpb.pl\/index.php\/produkt\/medal-1914-1918\/","title":{"rendered":"Medal 1914-1918"},"content":{"rendered":"<p>Medal 1914-1918 nale\u017cy do grupy r\u00f3\u017cnych odznacze\u0144 przyznawanych \u017co\u0142nierzom za udzia\u0142 w I Wojnie \u015awiatowej a jego wygl\u0105d r\u00f3\u017cni si\u0119 w zale\u017cno\u015bci od danego kraju.<\/p>\n","protected":false},"excerpt":{"rendered":"<p>Medal 1914-1918 nale\u017cy do grupy r\u00f3\u017cnych odznacze\u0144 przyznawanych \u017co\u0142nierzom za udzia\u0142 w I Wojnie \u015awiatowej a jego wygl\u0105d r\u00f3\u017cni si\u0119&hellip;<\/p>\n","protected":false},"featured_media":738,"comment_status":"open","ping_status":"closed","template":"","meta":[],"product_brand":[],"product_cat":[43,166,44],"product_tag":[228,170,229,227],"class_list":{"0":"post-739","1":"product","2":"type-product","3":"status-publish","4":"has-post-thumbnail","6":"product_cat-militaria","7":"product_cat-monety","8":"product_cat-numizmatyka","9":"product_tag-kupno","10":"product_tag-medal","11":"product_tag-sprzedaz","12":"product_tag-zamiana","14":"first","15":"instock","16":"sale","17":"shipping-taxable","18":"purchasable","19":"product-type-simple"},"_links":{"self":[{"href":"https:\/\/www.xn--szpargay-dpb.pl\/index.php\/wp-json\/wp\/v2\/product\/739","targetHints":{"allow":["GET"]}}],"collection":[{"href":"https:\/\/www.xn--szpargay-dpb.pl\/index.php\/wp-json\/wp\/v2\/product"}],"about":[{"href":"https:\/\/www.xn--szpargay-dpb.pl\/index.php\/wp-json\/wp\/v2\/types\/product"}],"replies":[{"embeddable":true,"href":"https:\/\/www.xn--szpargay-dpb.pl\/index.php\/wp-json\/wp\/v2\/comments?post=739"}],"wp:featuredmedia":[{"embeddable":true,"href":"https:\/\/www.xn--szpargay-dpb.pl\/index.php\/wp-json\/wp\/v2\/media\/738"}],"wp:attachment":[{"href":"https:\/\/www.xn--szpargay-dpb.pl\/index.php\/wp-json\/wp\/v2\/media?parent=739"}],"wp:term":[{"taxonomy":"product_brand","embeddable":true,"href":"https:\/\/www.xn--szpargay-dpb.pl\/index.php\/wp-json\/wp\/v2\/product_brand?post=739"},{"taxonomy":"product_cat","embeddable":true,"href":"https:\/\/www.xn--szpargay-dpb.pl\/index.php\/wp-json\/wp\/v2\/product_cat?post=739"},{"taxonomy":"product_tag","embeddable":true,"href":"https:\/\/www.xn--szpargay-dpb.pl\/index.php\/wp-json\/wp\/v2\/product_tag?post=739"}],"curies":[{"name":"wp","href":"https:\/\/api.w.org\/{rel}","templated":true}]}}