{"id":735,"date":"2025-08-24T04:40:17","date_gmt":"2025-08-24T04:40:17","guid":{"rendered":"http:\/\/www.xn--szpargay-dpb.pl\/?post_type=product&#038;p=735"},"modified":"2025-11-23T13:28:25","modified_gmt":"2025-11-23T13:28:25","slug":"swiatowy-dzien-zywnosci","status":"publish","type":"product","link":"https:\/\/www.xn--szpargay-dpb.pl\/index.php\/produkt\/swiatowy-dzien-zywnosci\/","title":{"rendered":"\u015awiatowy Dzie\u0144 \u017bywno\u015bci"},"content":{"rendered":"<p>Moneta &#8222;\u015awiatowy Dzie\u0144 \u017bywno\u015bci&#8221; to polska moneta obiegowa o nominale 50 z\u0142, wyemitowana w 1981 roku przez Mennic\u0119 Pa\u0144stwow\u0105.<\/p>\n","protected":false},"excerpt":{"rendered":"<p>Moneta upami\u0119tnia \u015awiatowy Dzie\u0144 \u017bywno\u015bci, obchodzony 16 pa\u017adziernika, w rocznic\u0119 utworzenia organizacji FAO.<\/p>\n","protected":false},"featured_media":734,"comment_status":"open","ping_status":"closed","template":"","meta":[],"product_brand":[],"product_cat":[166,44],"product_tag":[228,167,229,227],"class_list":{"0":"post-735","1":"product","2":"type-product","3":"status-publish","4":"has-post-thumbnail","6":"product_cat-monety","7":"product_cat-numizmatyka","8":"product_tag-kupno","9":"product_tag-moneta","10":"product_tag-sprzedaz","11":"product_tag-zamiana","13":"first","14":"instock","15":"sale","16":"shipping-taxable","17":"purchasable","18":"product-type-simple"},"_links":{"self":[{"href":"https:\/\/www.xn--szpargay-dpb.pl\/index.php\/wp-json\/wp\/v2\/product\/735","targetHints":{"allow":["GET"]}}],"collection":[{"href":"https:\/\/www.xn--szpargay-dpb.pl\/index.php\/wp-json\/wp\/v2\/product"}],"about":[{"href":"https:\/\/www.xn--szpargay-dpb.pl\/index.php\/wp-json\/wp\/v2\/types\/product"}],"replies":[{"embeddable":true,"href":"https:\/\/www.xn--szpargay-dpb.pl\/index.php\/wp-json\/wp\/v2\/comments?post=735"}],"wp:featuredmedia":[{"embeddable":true,"href":"https:\/\/www.xn--szpargay-dpb.pl\/index.php\/wp-json\/wp\/v2\/media\/734"}],"wp:attachment":[{"href":"https:\/\/www.xn--szpargay-dpb.pl\/index.php\/wp-json\/wp\/v2\/media?parent=735"}],"wp:term":[{"taxonomy":"product_brand","embeddable":true,"href":"https:\/\/www.xn--szpargay-dpb.pl\/index.php\/wp-json\/wp\/v2\/product_brand?post=735"},{"taxonomy":"product_cat","embeddable":true,"href":"https:\/\/www.xn--szpargay-dpb.pl\/index.php\/wp-json\/wp\/v2\/product_cat?post=735"},{"taxonomy":"product_tag","embeddable":true,"href":"https:\/\/www.xn--szpargay-dpb.pl\/index.php\/wp-json\/wp\/v2\/product_tag?post=735"}],"curies":[{"name":"wp","href":"https:\/\/api.w.org\/{rel}","templated":true}]}}