{"id":663,"date":"2025-07-17T12:37:44","date_gmt":"2025-07-17T12:37:44","guid":{"rendered":"http:\/\/www.xn--szpargay-dpb.pl\/?post_type=product&#038;p=663"},"modified":"2025-12-06T06:20:19","modified_gmt":"2025-12-06T06:20:19","slug":"duza-solidna-komoda-po-renowacji","status":"publish","type":"product","link":"https:\/\/www.xn--szpargay-dpb.pl\/index.php\/produkt\/duza-solidna-komoda-po-renowacji\/","title":{"rendered":"Du\u017ca solidna komoda po renowacji"},"content":{"rendered":"<p>Du\u017ca solidna komoda w idealnym stanie po renowacji w kolorze Ciemnego D\u0119bu. Komoda zosta\u0142a wyczyszczona nast\u0119pnie wykonano poprawki lakiernicze. W \u015brodku jak na zdj\u0119ciach czysto, przestronnie i bez nieprzyjemnych zapach\u00f3w.<\/p>\n","protected":false},"excerpt":{"rendered":"<p>Pi\u0119kna du\u017ca stylowa komoda po renowacji. U\u017cywana w bardzo dobrym stanie.<\/p>\n","protected":false},"featured_media":662,"comment_status":"open","ping_status":"closed","template":"","meta":[],"product_brand":[],"product_cat":[18,23],"product_tag":[205,204,146],"class_list":{"0":"post-663","1":"product","2":"type-product","3":"status-publish","4":"has-post-thumbnail","6":"product_cat-dom-i-ogrod","7":"product_cat-meble","8":"product_tag-ciemny-dab","9":"product_tag-komoda","10":"product_tag-stan-uzywany","12":"first","13":"instock","14":"sale","15":"shipping-taxable","16":"purchasable","17":"product-type-simple"},"_links":{"self":[{"href":"https:\/\/www.xn--szpargay-dpb.pl\/index.php\/wp-json\/wp\/v2\/product\/663","targetHints":{"allow":["GET"]}}],"collection":[{"href":"https:\/\/www.xn--szpargay-dpb.pl\/index.php\/wp-json\/wp\/v2\/product"}],"about":[{"href":"https:\/\/www.xn--szpargay-dpb.pl\/index.php\/wp-json\/wp\/v2\/types\/product"}],"replies":[{"embeddable":true,"href":"https:\/\/www.xn--szpargay-dpb.pl\/index.php\/wp-json\/wp\/v2\/comments?post=663"}],"wp:featuredmedia":[{"embeddable":true,"href":"https:\/\/www.xn--szpargay-dpb.pl\/index.php\/wp-json\/wp\/v2\/media\/662"}],"wp:attachment":[{"href":"https:\/\/www.xn--szpargay-dpb.pl\/index.php\/wp-json\/wp\/v2\/media?parent=663"}],"wp:term":[{"taxonomy":"product_brand","embeddable":true,"href":"https:\/\/www.xn--szpargay-dpb.pl\/index.php\/wp-json\/wp\/v2\/product_brand?post=663"},{"taxonomy":"product_cat","embeddable":true,"href":"https:\/\/www.xn--szpargay-dpb.pl\/index.php\/wp-json\/wp\/v2\/product_cat?post=663"},{"taxonomy":"product_tag","embeddable":true,"href":"https:\/\/www.xn--szpargay-dpb.pl\/index.php\/wp-json\/wp\/v2\/product_tag?post=663"}],"curies":[{"name":"wp","href":"https:\/\/api.w.org\/{rel}","templated":true}]}}