{"id":611,"date":"2025-03-25T05:16:08","date_gmt":"2025-03-25T05:16:08","guid":{"rendered":"http:\/\/www.xn--szpargay-dpb.pl\/?post_type=product&#038;p=611"},"modified":"2025-06-05T13:31:08","modified_gmt":"2025-06-05T13:31:08","slug":"radio-suzuki","status":"publish","type":"product","link":"https:\/\/www.xn--szpargay-dpb.pl\/index.php\/produkt\/radio-suzuki\/","title":{"rendered":"Radio Suzuki"},"content":{"rendered":"<p>Nowe radio Suzuki Grand Vitara.<\/p>\n","protected":false},"excerpt":{"rendered":"<p>Radio to nieod\u0142\u0105czny element wyposa\u017cenia samochodu.<\/p>\n","protected":false},"featured_media":608,"comment_status":"open","ping_status":"closed","template":"","meta":[],"product_brand":[],"product_cat":[20,180,30,181],"product_tag":[185,189,183,87,192,62,188],"class_list":{"0":"post-611","1":"product","2":"type-product","3":"status-publish","4":"has-post-thumbnail","6":"product_cat-motoryzacja","7":"product_cat-mozliwosc-zamiany","8":"product_cat-produkty-premium","9":"product_cat-zaproponuj-cene","10":"product_tag-niska-cena","11":"product_tag-okazja","12":"product_tag-olkusz","13":"product_tag-radio","14":"product_tag-retro-gielda","15":"product_tag-stan-nowy","16":"product_tag-suzuki","18":"first","19":"instock","20":"sale","21":"shipping-taxable","22":"purchasable","23":"product-type-simple"},"_links":{"self":[{"href":"https:\/\/www.xn--szpargay-dpb.pl\/index.php\/wp-json\/wp\/v2\/product\/611","targetHints":{"allow":["GET"]}}],"collection":[{"href":"https:\/\/www.xn--szpargay-dpb.pl\/index.php\/wp-json\/wp\/v2\/product"}],"about":[{"href":"https:\/\/www.xn--szpargay-dpb.pl\/index.php\/wp-json\/wp\/v2\/types\/product"}],"replies":[{"embeddable":true,"href":"https:\/\/www.xn--szpargay-dpb.pl\/index.php\/wp-json\/wp\/v2\/comments?post=611"}],"wp:featuredmedia":[{"embeddable":true,"href":"https:\/\/www.xn--szpargay-dpb.pl\/index.php\/wp-json\/wp\/v2\/media\/608"}],"wp:attachment":[{"href":"https:\/\/www.xn--szpargay-dpb.pl\/index.php\/wp-json\/wp\/v2\/media?parent=611"}],"wp:term":[{"taxonomy":"product_brand","embeddable":true,"href":"https:\/\/www.xn--szpargay-dpb.pl\/index.php\/wp-json\/wp\/v2\/product_brand?post=611"},{"taxonomy":"product_cat","embeddable":true,"href":"https:\/\/www.xn--szpargay-dpb.pl\/index.php\/wp-json\/wp\/v2\/product_cat?post=611"},{"taxonomy":"product_tag","embeddable":true,"href":"https:\/\/www.xn--szpargay-dpb.pl\/index.php\/wp-json\/wp\/v2\/product_tag?post=611"}],"curies":[{"name":"wp","href":"https:\/\/api.w.org\/{rel}","templated":true}]}}