{"id":529,"date":"2024-12-23T12:30:59","date_gmt":"2024-12-23T12:30:59","guid":{"rendered":"http:\/\/www.xn--szpargay-dpb.pl\/?post_type=product&#038;p=529"},"modified":"2025-03-23T10:57:16","modified_gmt":"2025-03-23T10:57:16","slug":"lampa-sodowa","status":"publish","type":"product","link":"https:\/\/www.xn--szpargay-dpb.pl\/index.php\/produkt\/lampa-sodowa\/","title":{"rendered":"Lampa sodowa"},"content":{"rendered":"<p>Lampa sodowa sprawna<\/p>\n","protected":false},"excerpt":{"rendered":"<p>Charakteryzuje si\u0119 intensywnym, \u017c\u00f3\u0142tym \u015bwiat\u0142em, d\u0142ug\u0105 \u017cywotno\u015bci\u0105 oraz znakomit\u0105 wydajno\u015bci\u0105 energetyczn\u0105, co czyni j\u0105 idealnym wyborem dla tych, kt\u00f3rzy szukaj\u0105 efektywnego o\u015bwietlenia.<\/p>\n","protected":false},"featured_media":528,"comment_status":"open","ping_status":"closed","template":"","meta":[],"product_brand":[],"product_cat":[18,48,29],"product_tag":[122,174,175,173,183,182],"class_list":{"0":"post-529","1":"product","2":"type-product","3":"status-publish","4":"has-post-thumbnail","6":"product_cat-dom-i-ogrod","7":"product_cat-oswietlenie","8":"product_cat-telefony-i-akcesoria","9":"product_tag-dom","10":"product_tag-garaz","11":"product_tag-hala","12":"product_tag-lampa","13":"product_tag-olkusz","14":"product_tag-wyprzedaz","16":"first","17":"instock","18":"shipping-taxable","19":"purchasable","20":"product-type-simple"},"_links":{"self":[{"href":"https:\/\/www.xn--szpargay-dpb.pl\/index.php\/wp-json\/wp\/v2\/product\/529","targetHints":{"allow":["GET"]}}],"collection":[{"href":"https:\/\/www.xn--szpargay-dpb.pl\/index.php\/wp-json\/wp\/v2\/product"}],"about":[{"href":"https:\/\/www.xn--szpargay-dpb.pl\/index.php\/wp-json\/wp\/v2\/types\/product"}],"replies":[{"embeddable":true,"href":"https:\/\/www.xn--szpargay-dpb.pl\/index.php\/wp-json\/wp\/v2\/comments?post=529"}],"wp:featuredmedia":[{"embeddable":true,"href":"https:\/\/www.xn--szpargay-dpb.pl\/index.php\/wp-json\/wp\/v2\/media\/528"}],"wp:attachment":[{"href":"https:\/\/www.xn--szpargay-dpb.pl\/index.php\/wp-json\/wp\/v2\/media?parent=529"}],"wp:term":[{"taxonomy":"product_brand","embeddable":true,"href":"https:\/\/www.xn--szpargay-dpb.pl\/index.php\/wp-json\/wp\/v2\/product_brand?post=529"},{"taxonomy":"product_cat","embeddable":true,"href":"https:\/\/www.xn--szpargay-dpb.pl\/index.php\/wp-json\/wp\/v2\/product_cat?post=529"},{"taxonomy":"product_tag","embeddable":true,"href":"https:\/\/www.xn--szpargay-dpb.pl\/index.php\/wp-json\/wp\/v2\/product_tag?post=529"}],"curies":[{"name":"wp","href":"https:\/\/api.w.org\/{rel}","templated":true}]}}