{"id":479,"date":"2024-11-16T11:42:37","date_gmt":"2024-11-16T11:42:37","guid":{"rendered":"http:\/\/www.xn--szpargay-dpb.pl\/?post_type=product&#038;p=479"},"modified":"2026-01-09T14:38:38","modified_gmt":"2026-01-09T14:38:38","slug":"czapka-rekodzielo-koniecznie-przeczytaj-opis","status":"publish","type":"product","link":"https:\/\/www.xn--szpargay-dpb.pl\/index.php\/produkt\/czapka-rekodzielo-koniecznie-przeczytaj-opis\/","title":{"rendered":"Czapka robiona na drutach."},"content":{"rendered":"<p>Damska czapka zimowa wykonana r\u0119cznie na drutach. Bardzo lekka i wygodna w noszeniu o \u015bredniej grubo\u015bci. Idealna na polskie warunki zimowe. W oryginalnych wzorach.<\/p>\n","protected":false},"excerpt":{"rendered":"<p>Czapki na zdj\u0119ciach zosta\u0142y wykonane do sklepu z odzie\u017c\u0105 damsk\u0105. W sklepie sprzedawane by\u0142y w cenie <strong>od 14 do 25 z\u0142 sztuka.<\/strong> Obecna cena to<strong> 10 z\u0142 za sztuk\u0119<\/strong> lub w przypadku ch\u0119ci zakupu ca\u0142o\u015bci<strong> 7 z\u0142 sztuka.<\/strong><\/p>\n<p>Czapek na dzie\u0144 zamieszczenia og\u0142oszenia pozosta\u0142o 69 sztuk. <strong>Czyli za<\/strong> <strong>ca\u0142o\u015b\u0107 cena wynosi: 483 z\u0142<\/strong> gor\u0105co polecam. Stan nowy po likwidacja sklepu.<\/p>\n","protected":false},"featured_media":469,"comment_status":"open","ping_status":"closed","template":"","meta":[],"product_brand":[],"product_cat":[21,41,49],"product_tag":[161,128,159,162,163,164,158,160,62,165],"class_list":{"0":"post-479","1":"product","2":"type-product","3":"status-publish","4":"has-post-thumbnail","6":"product_cat-moda","7":"product_cat-odziez-damska","8":"product_cat-rekodzielo","9":"product_tag-boze-narodzenie","10":"product_tag-czapka","11":"product_tag-druty","12":"product_tag-dzien-babci","13":"product_tag-dzien-kobiet","14":"product_tag-dzien-matki","15":"product_tag-handmade","16":"product_tag-rekodzielo","17":"product_tag-stan-nowy","18":"product_tag-walentynki","20":"first","21":"instock","22":"sale","23":"shipping-taxable","24":"purchasable","25":"product-type-simple"},"_links":{"self":[{"href":"https:\/\/www.xn--szpargay-dpb.pl\/index.php\/wp-json\/wp\/v2\/product\/479","targetHints":{"allow":["GET"]}}],"collection":[{"href":"https:\/\/www.xn--szpargay-dpb.pl\/index.php\/wp-json\/wp\/v2\/product"}],"about":[{"href":"https:\/\/www.xn--szpargay-dpb.pl\/index.php\/wp-json\/wp\/v2\/types\/product"}],"replies":[{"embeddable":true,"href":"https:\/\/www.xn--szpargay-dpb.pl\/index.php\/wp-json\/wp\/v2\/comments?post=479"}],"wp:featuredmedia":[{"embeddable":true,"href":"https:\/\/www.xn--szpargay-dpb.pl\/index.php\/wp-json\/wp\/v2\/media\/469"}],"wp:attachment":[{"href":"https:\/\/www.xn--szpargay-dpb.pl\/index.php\/wp-json\/wp\/v2\/media?parent=479"}],"wp:term":[{"taxonomy":"product_brand","embeddable":true,"href":"https:\/\/www.xn--szpargay-dpb.pl\/index.php\/wp-json\/wp\/v2\/product_brand?post=479"},{"taxonomy":"product_cat","embeddable":true,"href":"https:\/\/www.xn--szpargay-dpb.pl\/index.php\/wp-json\/wp\/v2\/product_cat?post=479"},{"taxonomy":"product_tag","embeddable":true,"href":"https:\/\/www.xn--szpargay-dpb.pl\/index.php\/wp-json\/wp\/v2\/product_tag?post=479"}],"curies":[{"name":"wp","href":"https:\/\/api.w.org\/{rel}","templated":true}]}}