{"id":448,"date":"2024-11-14T11:29:29","date_gmt":"2024-11-14T11:29:29","guid":{"rendered":"http:\/\/www.xn--szpargay-dpb.pl\/?post_type=product&#038;p=448"},"modified":"2024-11-14T11:29:30","modified_gmt":"2024-11-14T11:29:30","slug":"tunika-asymetryczna-w-kratke","status":"publish","type":"product","link":"https:\/\/www.xn--szpargay-dpb.pl\/index.php\/produkt\/tunika-asymetryczna-w-kratke\/","title":{"rendered":"Tunika asymetryczna w kratk\u0119."},"content":{"rendered":"<p>Tunika damska asymetryczna w kratk\u0119. Elegancja i wygoda w jednym.<\/p>\n","protected":false},"excerpt":{"rendered":"<p>Dlugo\u015b\u0107 r\u0119kawa 70 cm, biust 160 cm, d\u0142ugo\u015b\u0107 ca\u0142kowita 80 cm. Stan nowy po likwidacja sklepu.<\/p>\n","protected":false},"featured_media":446,"comment_status":"open","ping_status":"closed","template":"","meta":[],"product_brand":[],"product_cat":[21,41,30],"product_tag":[153,62,66],"class_list":{"0":"post-448","1":"product","2":"type-product","3":"status-publish","4":"has-post-thumbnail","6":"product_cat-moda","7":"product_cat-odziez-damska","8":"product_cat-produkty-premium","9":"product_tag-asymetryczna","10":"product_tag-stan-nowy","11":"product_tag-tunika","13":"first","14":"instock","15":"shipping-taxable","16":"purchasable","17":"product-type-simple"},"_links":{"self":[{"href":"https:\/\/www.xn--szpargay-dpb.pl\/index.php\/wp-json\/wp\/v2\/product\/448","targetHints":{"allow":["GET"]}}],"collection":[{"href":"https:\/\/www.xn--szpargay-dpb.pl\/index.php\/wp-json\/wp\/v2\/product"}],"about":[{"href":"https:\/\/www.xn--szpargay-dpb.pl\/index.php\/wp-json\/wp\/v2\/types\/product"}],"replies":[{"embeddable":true,"href":"https:\/\/www.xn--szpargay-dpb.pl\/index.php\/wp-json\/wp\/v2\/comments?post=448"}],"wp:featuredmedia":[{"embeddable":true,"href":"https:\/\/www.xn--szpargay-dpb.pl\/index.php\/wp-json\/wp\/v2\/media\/446"}],"wp:attachment":[{"href":"https:\/\/www.xn--szpargay-dpb.pl\/index.php\/wp-json\/wp\/v2\/media?parent=448"}],"wp:term":[{"taxonomy":"product_brand","embeddable":true,"href":"https:\/\/www.xn--szpargay-dpb.pl\/index.php\/wp-json\/wp\/v2\/product_brand?post=448"},{"taxonomy":"product_cat","embeddable":true,"href":"https:\/\/www.xn--szpargay-dpb.pl\/index.php\/wp-json\/wp\/v2\/product_cat?post=448"},{"taxonomy":"product_tag","embeddable":true,"href":"https:\/\/www.xn--szpargay-dpb.pl\/index.php\/wp-json\/wp\/v2\/product_tag?post=448"}],"curies":[{"name":"wp","href":"https:\/\/api.w.org\/{rel}","templated":true}]}}