{"id":339,"date":"2024-11-11T15:52:22","date_gmt":"2024-11-11T15:52:22","guid":{"rendered":"http:\/\/www.xn--szpargay-dpb.pl\/?post_type=product&#038;p=339"},"modified":"2024-11-11T15:52:22","modified_gmt":"2024-11-11T15:52:22","slug":"bluza-damska-z-napisami-bordowa","status":"publish","type":"product","link":"https:\/\/www.xn--szpargay-dpb.pl\/index.php\/produkt\/bluza-damska-z-napisami-bordowa\/","title":{"rendered":"Bluza damska z napisami bordowa."},"content":{"rendered":"<p>Bluza damska z napisami bordowa gwarantuje wygod\u0119 przez ca\u0142y dzie\u0144. Wykonana z wysokiej jako\u015bci materia\u0142u.<\/p>\n","protected":false},"excerpt":{"rendered":"<p>Biust 100 cm , d\u0142ugo\u015b\u0107 r\u0119kawa 64 cm, d\u0142ugo\u015b\u0107 ca\u0142kowita 62 cm. Stan nowy po likwidacja sklepu.<\/p>\n","protected":false},"featured_media":337,"comment_status":"open","ping_status":"closed","template":"","meta":[],"product_brand":[],"product_cat":[21,41,30],"product_tag":[143,62],"class_list":{"0":"post-339","1":"product","2":"type-product","3":"status-publish","4":"has-post-thumbnail","6":"product_cat-moda","7":"product_cat-odziez-damska","8":"product_cat-produkty-premium","9":"product_tag-bluza-damska","10":"product_tag-stan-nowy","12":"first","13":"instock","14":"shipping-taxable","15":"purchasable","16":"product-type-simple"},"_links":{"self":[{"href":"https:\/\/www.xn--szpargay-dpb.pl\/index.php\/wp-json\/wp\/v2\/product\/339","targetHints":{"allow":["GET"]}}],"collection":[{"href":"https:\/\/www.xn--szpargay-dpb.pl\/index.php\/wp-json\/wp\/v2\/product"}],"about":[{"href":"https:\/\/www.xn--szpargay-dpb.pl\/index.php\/wp-json\/wp\/v2\/types\/product"}],"replies":[{"embeddable":true,"href":"https:\/\/www.xn--szpargay-dpb.pl\/index.php\/wp-json\/wp\/v2\/comments?post=339"}],"wp:featuredmedia":[{"embeddable":true,"href":"https:\/\/www.xn--szpargay-dpb.pl\/index.php\/wp-json\/wp\/v2\/media\/337"}],"wp:attachment":[{"href":"https:\/\/www.xn--szpargay-dpb.pl\/index.php\/wp-json\/wp\/v2\/media?parent=339"}],"wp:term":[{"taxonomy":"product_brand","embeddable":true,"href":"https:\/\/www.xn--szpargay-dpb.pl\/index.php\/wp-json\/wp\/v2\/product_brand?post=339"},{"taxonomy":"product_cat","embeddable":true,"href":"https:\/\/www.xn--szpargay-dpb.pl\/index.php\/wp-json\/wp\/v2\/product_cat?post=339"},{"taxonomy":"product_tag","embeddable":true,"href":"https:\/\/www.xn--szpargay-dpb.pl\/index.php\/wp-json\/wp\/v2\/product_tag?post=339"}],"curies":[{"name":"wp","href":"https:\/\/api.w.org\/{rel}","templated":true}]}}