{"id":259,"date":"2024-11-08T15:32:23","date_gmt":"2024-11-08T15:32:23","guid":{"rendered":"http:\/\/www.xn--szpargay-dpb.pl\/?post_type=product&#038;p=259"},"modified":"2025-03-23T11:05:50","modified_gmt":"2025-03-23T11:05:50","slug":"lusterka-do-motocykla","status":"publish","type":"product","link":"https:\/\/www.xn--szpargay-dpb.pl\/index.php\/produkt\/lusterka-do-motocykla\/","title":{"rendered":"Lusterka do motocykla."},"content":{"rendered":"<p>Lusterka do motocykla to obowi\u0105zkowy element wyposa\u017cenia pojazdu u\u0142atwiaj\u0105cy kierowcy obserwacj\u0119 przestrzeni z ty\u0142u i z bok\u00f3w pojazdu.<\/p>\n","protected":false},"excerpt":{"rendered":"<p>Odpowiednio rozmieszczone lusterka motocyklowe pomagaj\u0105 kierowcy w okre\u015bleniu pozycji pojazdu za motocyklem. Zwi\u0119kszaj\u0105c bezpiecze\u0144stwo jazdy.<\/p>\n","protected":false},"featured_media":258,"comment_status":"open","ping_status":"closed","template":"","meta":[],"product_brand":[],"product_cat":[17,20],"product_tag":[79,116,183,182],"class_list":{"0":"post-259","1":"product","2":"type-product","3":"status-publish","4":"has-post-thumbnail","6":"product_cat-bez-kategorii","7":"product_cat-motoryzacja","8":"product_tag-lusterko","9":"product_tag-motocykl","10":"product_tag-olkusz","11":"product_tag-wyprzedaz","13":"first","14":"instock","15":"shipping-taxable","16":"purchasable","17":"product-type-simple"},"_links":{"self":[{"href":"https:\/\/www.xn--szpargay-dpb.pl\/index.php\/wp-json\/wp\/v2\/product\/259","targetHints":{"allow":["GET"]}}],"collection":[{"href":"https:\/\/www.xn--szpargay-dpb.pl\/index.php\/wp-json\/wp\/v2\/product"}],"about":[{"href":"https:\/\/www.xn--szpargay-dpb.pl\/index.php\/wp-json\/wp\/v2\/types\/product"}],"replies":[{"embeddable":true,"href":"https:\/\/www.xn--szpargay-dpb.pl\/index.php\/wp-json\/wp\/v2\/comments?post=259"}],"wp:featuredmedia":[{"embeddable":true,"href":"https:\/\/www.xn--szpargay-dpb.pl\/index.php\/wp-json\/wp\/v2\/media\/258"}],"wp:attachment":[{"href":"https:\/\/www.xn--szpargay-dpb.pl\/index.php\/wp-json\/wp\/v2\/media?parent=259"}],"wp:term":[{"taxonomy":"product_brand","embeddable":true,"href":"https:\/\/www.xn--szpargay-dpb.pl\/index.php\/wp-json\/wp\/v2\/product_brand?post=259"},{"taxonomy":"product_cat","embeddable":true,"href":"https:\/\/www.xn--szpargay-dpb.pl\/index.php\/wp-json\/wp\/v2\/product_cat?post=259"},{"taxonomy":"product_tag","embeddable":true,"href":"https:\/\/www.xn--szpargay-dpb.pl\/index.php\/wp-json\/wp\/v2\/product_tag?post=259"}],"curies":[{"name":"wp","href":"https:\/\/api.w.org\/{rel}","templated":true}]}}