{"id":255,"date":"2024-11-08T07:43:21","date_gmt":"2024-11-08T07:43:21","guid":{"rendered":"http:\/\/www.xn--szpargay-dpb.pl\/?post_type=product&#038;p=255"},"modified":"2025-12-06T06:26:38","modified_gmt":"2025-12-06T06:26:38","slug":"skrzynki-po-roznych-maszynach","status":"publish","type":"product","link":"https:\/\/www.xn--szpargay-dpb.pl\/index.php\/produkt\/skrzynki-po-roznych-maszynach\/","title":{"rendered":"Skrzynki po r\u00f3\u017cnych maszynach"},"content":{"rendered":"<p>Skrzynki po r\u00f3\u017cnych maszynach od 20 z\u0142 do 60. Przy zakupie ca\u0142o\u015bci cena zostanie u\u015bredniona do 30 z\u0142 sztuka.<\/p>\n","protected":false},"excerpt":{"rendered":"<p>Wykonane z wysokiej jako\u015bci tworzywa.<\/p>\n","protected":false},"featured_media":256,"comment_status":"open","ping_status":"closed","template":"","meta":[],"product_brand":[],"product_cat":[17,20,24,29],"product_tag":[115,183,114,182],"class_list":{"0":"post-255","1":"product","2":"type-product","3":"status-publish","4":"has-post-thumbnail","6":"product_cat-bez-kategorii","7":"product_cat-motoryzacja","8":"product_cat-narzedzia","9":"product_cat-telefony-i-akcesoria","10":"product_tag-narzedzia","11":"product_tag-olkusz","12":"product_tag-skrzynki","13":"product_tag-wyprzedaz","15":"first","16":"instock","17":"sale","18":"shipping-taxable","19":"purchasable","20":"product-type-simple"},"_links":{"self":[{"href":"https:\/\/www.xn--szpargay-dpb.pl\/index.php\/wp-json\/wp\/v2\/product\/255","targetHints":{"allow":["GET"]}}],"collection":[{"href":"https:\/\/www.xn--szpargay-dpb.pl\/index.php\/wp-json\/wp\/v2\/product"}],"about":[{"href":"https:\/\/www.xn--szpargay-dpb.pl\/index.php\/wp-json\/wp\/v2\/types\/product"}],"replies":[{"embeddable":true,"href":"https:\/\/www.xn--szpargay-dpb.pl\/index.php\/wp-json\/wp\/v2\/comments?post=255"}],"wp:featuredmedia":[{"embeddable":true,"href":"https:\/\/www.xn--szpargay-dpb.pl\/index.php\/wp-json\/wp\/v2\/media\/256"}],"wp:attachment":[{"href":"https:\/\/www.xn--szpargay-dpb.pl\/index.php\/wp-json\/wp\/v2\/media?parent=255"}],"wp:term":[{"taxonomy":"product_brand","embeddable":true,"href":"https:\/\/www.xn--szpargay-dpb.pl\/index.php\/wp-json\/wp\/v2\/product_brand?post=255"},{"taxonomy":"product_cat","embeddable":true,"href":"https:\/\/www.xn--szpargay-dpb.pl\/index.php\/wp-json\/wp\/v2\/product_cat?post=255"},{"taxonomy":"product_tag","embeddable":true,"href":"https:\/\/www.xn--szpargay-dpb.pl\/index.php\/wp-json\/wp\/v2\/product_tag?post=255"}],"curies":[{"name":"wp","href":"https:\/\/api.w.org\/{rel}","templated":true}]}}