{"id":243,"date":"2024-11-07T06:42:33","date_gmt":"2024-11-07T06:42:33","guid":{"rendered":"http:\/\/www.xn--szpargay-dpb.pl\/?post_type=product&#038;p=243"},"modified":"2026-01-09T14:38:38","modified_gmt":"2026-01-09T14:38:38","slug":"pompa-flora","status":"publish","type":"product","link":"https:\/\/www.xn--szpargay-dpb.pl\/index.php\/produkt\/pompa-flora\/","title":{"rendered":"Pompa Flora"},"content":{"rendered":"<p>Pompa Flora to skuteczne narz\u0119dzie z przeznaczeniem do r\u00f3\u017cnych dzia\u0142a\u0144 zasilana przez silnik spalinowy.<\/p>\n","protected":false},"excerpt":{"rendered":"<p>Solidna konstrukcja i wykonanie zapewnia prac\u0119 urz\u0105dzenia po d\u0142ugotrwa\u0142ym nieu\u017cytkowaniu.<\/p>\n","protected":false},"featured_media":241,"comment_status":"open","ping_status":"closed","template":"","meta":[],"product_brand":[],"product_cat":[17,18,180,181],"product_tag":[183,104,192,105,59,182],"class_list":{"0":"post-243","1":"product","2":"type-product","3":"status-publish","4":"has-post-thumbnail","6":"product_cat-bez-kategorii","7":"product_cat-dom-i-ogrod","8":"product_cat-mozliwosc-zamiany","9":"product_cat-zaproponuj-cene","10":"product_tag-olkusz","11":"product_tag-pompa-flora","12":"product_tag-retro-gielda","13":"product_tag-silnik-spalinowy","14":"product_tag-uzywane","15":"product_tag-wyprzedaz","17":"first","18":"instock","19":"sale","20":"shipping-taxable","21":"purchasable","22":"product-type-simple"},"_links":{"self":[{"href":"https:\/\/www.xn--szpargay-dpb.pl\/index.php\/wp-json\/wp\/v2\/product\/243","targetHints":{"allow":["GET"]}}],"collection":[{"href":"https:\/\/www.xn--szpargay-dpb.pl\/index.php\/wp-json\/wp\/v2\/product"}],"about":[{"href":"https:\/\/www.xn--szpargay-dpb.pl\/index.php\/wp-json\/wp\/v2\/types\/product"}],"replies":[{"embeddable":true,"href":"https:\/\/www.xn--szpargay-dpb.pl\/index.php\/wp-json\/wp\/v2\/comments?post=243"}],"wp:featuredmedia":[{"embeddable":true,"href":"https:\/\/www.xn--szpargay-dpb.pl\/index.php\/wp-json\/wp\/v2\/media\/241"}],"wp:attachment":[{"href":"https:\/\/www.xn--szpargay-dpb.pl\/index.php\/wp-json\/wp\/v2\/media?parent=243"}],"wp:term":[{"taxonomy":"product_brand","embeddable":true,"href":"https:\/\/www.xn--szpargay-dpb.pl\/index.php\/wp-json\/wp\/v2\/product_brand?post=243"},{"taxonomy":"product_cat","embeddable":true,"href":"https:\/\/www.xn--szpargay-dpb.pl\/index.php\/wp-json\/wp\/v2\/product_cat?post=243"},{"taxonomy":"product_tag","embeddable":true,"href":"https:\/\/www.xn--szpargay-dpb.pl\/index.php\/wp-json\/wp\/v2\/product_tag?post=243"}],"curies":[{"name":"wp","href":"https:\/\/api.w.org\/{rel}","templated":true}]}}