{"id":219,"date":"2024-11-05T09:30:28","date_gmt":"2024-11-05T09:30:28","guid":{"rendered":"http:\/\/www.xn--szpargay-dpb.pl\/?post_type=product&#038;p=219"},"modified":"2024-11-05T09:30:28","modified_gmt":"2024-11-05T09:30:28","slug":"wieszak-plus-lyzka-do-butow-gratis","status":"publish","type":"product","link":"https:\/\/www.xn--szpargay-dpb.pl\/index.php\/produkt\/wieszak-plus-lyzka-do-butow-gratis\/","title":{"rendered":"Wieszak plus \u0142y\u017cka do but\u00f3w gratis!"},"content":{"rendered":"<p>Wieszak plus \u0142y\u017cka do but\u00f3w gratis!<\/p>\n","protected":false},"excerpt":{"rendered":"<p>Wieszak na drzwi plus \u0142y\u017cka do but\u00f3w gratis!<\/p>\n","protected":false},"featured_media":220,"comment_status":"open","ping_status":"closed","template":"","meta":[],"product_brand":[],"product_cat":[17,18],"product_tag":[90,89],"class_list":{"0":"post-219","1":"product","2":"type-product","3":"status-publish","4":"has-post-thumbnail","6":"product_cat-bez-kategorii","7":"product_cat-dom-i-ogrod","8":"product_tag-lyzka-do-butow","9":"product_tag-wieszak","11":"first","12":"instock","13":"shipping-taxable","14":"purchasable","15":"product-type-simple"},"_links":{"self":[{"href":"https:\/\/www.xn--szpargay-dpb.pl\/index.php\/wp-json\/wp\/v2\/product\/219","targetHints":{"allow":["GET"]}}],"collection":[{"href":"https:\/\/www.xn--szpargay-dpb.pl\/index.php\/wp-json\/wp\/v2\/product"}],"about":[{"href":"https:\/\/www.xn--szpargay-dpb.pl\/index.php\/wp-json\/wp\/v2\/types\/product"}],"replies":[{"embeddable":true,"href":"https:\/\/www.xn--szpargay-dpb.pl\/index.php\/wp-json\/wp\/v2\/comments?post=219"}],"wp:featuredmedia":[{"embeddable":true,"href":"https:\/\/www.xn--szpargay-dpb.pl\/index.php\/wp-json\/wp\/v2\/media\/220"}],"wp:attachment":[{"href":"https:\/\/www.xn--szpargay-dpb.pl\/index.php\/wp-json\/wp\/v2\/media?parent=219"}],"wp:term":[{"taxonomy":"product_brand","embeddable":true,"href":"https:\/\/www.xn--szpargay-dpb.pl\/index.php\/wp-json\/wp\/v2\/product_brand?post=219"},{"taxonomy":"product_cat","embeddable":true,"href":"https:\/\/www.xn--szpargay-dpb.pl\/index.php\/wp-json\/wp\/v2\/product_cat?post=219"},{"taxonomy":"product_tag","embeddable":true,"href":"https:\/\/www.xn--szpargay-dpb.pl\/index.php\/wp-json\/wp\/v2\/product_tag?post=219"}],"curies":[{"name":"wp","href":"https:\/\/api.w.org\/{rel}","templated":true}]}}