{"id":185,"date":"2024-11-03T07:44:00","date_gmt":"2024-11-03T07:44:00","guid":{"rendered":"http:\/\/www.xn--szpargay-dpb.pl\/?post_type=product&#038;p=185"},"modified":"2025-03-23T11:27:52","modified_gmt":"2025-03-23T11:27:52","slug":"dystrybutor-wody-plus-2-butle-gratis","status":"publish","type":"product","link":"https:\/\/www.xn--szpargay-dpb.pl\/index.php\/produkt\/dystrybutor-wody-plus-2-butle-gratis\/","title":{"rendered":"Dystrybutor wody plus 2 butle gratis!"},"content":{"rendered":"<p>Dystrybutor wody do domu i biura. Dystrybutor posiada mo\u017cliwo\u015b\u0107 podgrzewania oraz sch\u0142adzania wody.<\/p>\n","protected":false},"excerpt":{"rendered":"<p>Do dystrybutora dodaj\u0119 dwie puste butle gratis.<\/p>\n","protected":false},"featured_media":184,"comment_status":"open","ping_status":"closed","template":"","meta":[],"product_brand":[],"product_cat":[17,18,180,181],"product_tag":[60,185,183,184,61,182],"class_list":{"0":"post-185","1":"product","2":"type-product","3":"status-publish","4":"has-post-thumbnail","6":"product_cat-bez-kategorii","7":"product_cat-dom-i-ogrod","8":"product_cat-mozliwosc-zamiany","9":"product_cat-zaproponuj-cene","10":"product_tag-dystrybutor-wody","11":"product_tag-niska-cena","12":"product_tag-olkusz","13":"product_tag-taniocha","14":"product_tag-uzywany","15":"product_tag-wyprzedaz","17":"first","18":"instock","19":"shipping-taxable","20":"purchasable","21":"product-type-simple"},"_links":{"self":[{"href":"https:\/\/www.xn--szpargay-dpb.pl\/index.php\/wp-json\/wp\/v2\/product\/185","targetHints":{"allow":["GET"]}}],"collection":[{"href":"https:\/\/www.xn--szpargay-dpb.pl\/index.php\/wp-json\/wp\/v2\/product"}],"about":[{"href":"https:\/\/www.xn--szpargay-dpb.pl\/index.php\/wp-json\/wp\/v2\/types\/product"}],"replies":[{"embeddable":true,"href":"https:\/\/www.xn--szpargay-dpb.pl\/index.php\/wp-json\/wp\/v2\/comments?post=185"}],"wp:featuredmedia":[{"embeddable":true,"href":"https:\/\/www.xn--szpargay-dpb.pl\/index.php\/wp-json\/wp\/v2\/media\/184"}],"wp:attachment":[{"href":"https:\/\/www.xn--szpargay-dpb.pl\/index.php\/wp-json\/wp\/v2\/media?parent=185"}],"wp:term":[{"taxonomy":"product_brand","embeddable":true,"href":"https:\/\/www.xn--szpargay-dpb.pl\/index.php\/wp-json\/wp\/v2\/product_brand?post=185"},{"taxonomy":"product_cat","embeddable":true,"href":"https:\/\/www.xn--szpargay-dpb.pl\/index.php\/wp-json\/wp\/v2\/product_cat?post=185"},{"taxonomy":"product_tag","embeddable":true,"href":"https:\/\/www.xn--szpargay-dpb.pl\/index.php\/wp-json\/wp\/v2\/product_tag?post=185"}],"curies":[{"name":"wp","href":"https:\/\/api.w.org\/{rel}","templated":true}]}}