{"id":158,"date":"2024-11-02T09:10:21","date_gmt":"2024-11-02T09:10:21","guid":{"rendered":"http:\/\/www.xn--szpargay-dpb.pl\/?post_type=product&#038;p=158"},"modified":"2025-12-05T08:59:24","modified_gmt":"2025-12-05T08:59:24","slug":"11-gratis-aparaty-canon-prima-bf-80-i-kodak-335","status":"publish","type":"product","link":"https:\/\/www.xn--szpargay-dpb.pl\/index.php\/produkt\/11-gratis-aparaty-canon-prima-bf-80-i-kodak-335\/","title":{"rendered":"Aparaty 1+1 Gratis!"},"content":{"rendered":"<p>Aparaty Canon Prima BF-80 i Kodak 335.\u00a0 Aparat Canon Prima BF-80 Kompaktowy aparat Obiektyw szerokok\u0105tny 32mm wide angle lens.\u00a0 Aparat Kodak 335 Kompaktowy aparat Obiektyw 35mm Point &amp; Shoot, Lomo Retro.<\/p>\n<p>&nbsp;<\/p>\n<p>&nbsp;<\/p>\n<p>&nbsp;<\/p>\n","protected":false},"excerpt":{"rendered":"<p>Posiadaj\u0105 normalne \u015blady u\u017cytkowania widoczne na zdj\u0119ciach. Aparaty s\u0105 technicznie sprawne.<\/p>\n","protected":false},"featured_media":155,"comment_status":"open","ping_status":"closed","template":"","meta":[],"product_brand":[],"product_cat":[19,26,181],"product_tag":[39,185,183,40,192,182],"class_list":{"0":"post-158","1":"product","2":"type-product","3":"status-publish","4":"has-post-thumbnail","6":"product_cat-elektronika","7":"product_cat-fotografia","8":"product_cat-zaproponuj-cene","9":"product_tag-aparat","10":"product_tag-niska-cena","11":"product_tag-olkusz","12":"product_tag-rerto","13":"product_tag-retro-gielda","14":"product_tag-wyprzedaz","16":"first","17":"instock","18":"sale","19":"shipping-taxable","20":"purchasable","21":"product-type-simple"},"_links":{"self":[{"href":"https:\/\/www.xn--szpargay-dpb.pl\/index.php\/wp-json\/wp\/v2\/product\/158","targetHints":{"allow":["GET"]}}],"collection":[{"href":"https:\/\/www.xn--szpargay-dpb.pl\/index.php\/wp-json\/wp\/v2\/product"}],"about":[{"href":"https:\/\/www.xn--szpargay-dpb.pl\/index.php\/wp-json\/wp\/v2\/types\/product"}],"replies":[{"embeddable":true,"href":"https:\/\/www.xn--szpargay-dpb.pl\/index.php\/wp-json\/wp\/v2\/comments?post=158"}],"wp:featuredmedia":[{"embeddable":true,"href":"https:\/\/www.xn--szpargay-dpb.pl\/index.php\/wp-json\/wp\/v2\/media\/155"}],"wp:attachment":[{"href":"https:\/\/www.xn--szpargay-dpb.pl\/index.php\/wp-json\/wp\/v2\/media?parent=158"}],"wp:term":[{"taxonomy":"product_brand","embeddable":true,"href":"https:\/\/www.xn--szpargay-dpb.pl\/index.php\/wp-json\/wp\/v2\/product_brand?post=158"},{"taxonomy":"product_cat","embeddable":true,"href":"https:\/\/www.xn--szpargay-dpb.pl\/index.php\/wp-json\/wp\/v2\/product_cat?post=158"},{"taxonomy":"product_tag","embeddable":true,"href":"https:\/\/www.xn--szpargay-dpb.pl\/index.php\/wp-json\/wp\/v2\/product_tag?post=158"}],"curies":[{"name":"wp","href":"https:\/\/api.w.org\/{rel}","templated":true}]}}