{"id":157,"date":"2024-11-02T08:48:14","date_gmt":"2024-11-02T08:48:14","guid":{"rendered":"http:\/\/www.xn--szpargay-dpb.pl\/?post_type=product&#038;p=157"},"modified":"2025-12-05T08:57:46","modified_gmt":"2025-12-05T08:57:46","slug":"glosniki-green-power-ms-396","status":"publish","type":"product","link":"https:\/\/www.xn--szpargay-dpb.pl\/index.php\/produkt\/glosniki-green-power-ms-396\/","title":{"rendered":"G\u0142o\u015bniki Green Power MS 396"},"content":{"rendered":"<p>G\u0142o\u015bniki aktywne Green Power MS 396 do komputera.<\/p>\n","protected":false},"excerpt":{"rendered":"<p>Posiadaj\u0105 normalne \u015blady u\u017cytkowania widoczne na zdj\u0119ciach. Zestaw jest technicznie sprawny.<\/p>\n","protected":false},"featured_media":152,"comment_status":"open","ping_status":"closed","template":"","meta":[],"product_brand":[],"product_cat":[19,28,181],"product_tag":[38,33,185,183,192,184,182],"class_list":{"0":"post-157","1":"product","2":"type-product","3":"status-publish","4":"has-post-thumbnail","6":"product_cat-elektronika","7":"product_cat-komputery","8":"product_cat-zaproponuj-cene","9":"product_tag-glosniki","10":"product_tag-malo-uzywany","11":"product_tag-niska-cena","12":"product_tag-olkusz","13":"product_tag-retro-gielda","14":"product_tag-taniocha","15":"product_tag-wyprzedaz","17":"first","18":"instock","19":"sale","20":"shipping-taxable","21":"purchasable","22":"product-type-simple"},"_links":{"self":[{"href":"https:\/\/www.xn--szpargay-dpb.pl\/index.php\/wp-json\/wp\/v2\/product\/157","targetHints":{"allow":["GET"]}}],"collection":[{"href":"https:\/\/www.xn--szpargay-dpb.pl\/index.php\/wp-json\/wp\/v2\/product"}],"about":[{"href":"https:\/\/www.xn--szpargay-dpb.pl\/index.php\/wp-json\/wp\/v2\/types\/product"}],"replies":[{"embeddable":true,"href":"https:\/\/www.xn--szpargay-dpb.pl\/index.php\/wp-json\/wp\/v2\/comments?post=157"}],"wp:featuredmedia":[{"embeddable":true,"href":"https:\/\/www.xn--szpargay-dpb.pl\/index.php\/wp-json\/wp\/v2\/media\/152"}],"wp:attachment":[{"href":"https:\/\/www.xn--szpargay-dpb.pl\/index.php\/wp-json\/wp\/v2\/media?parent=157"}],"wp:term":[{"taxonomy":"product_brand","embeddable":true,"href":"https:\/\/www.xn--szpargay-dpb.pl\/index.php\/wp-json\/wp\/v2\/product_brand?post=157"},{"taxonomy":"product_cat","embeddable":true,"href":"https:\/\/www.xn--szpargay-dpb.pl\/index.php\/wp-json\/wp\/v2\/product_cat?post=157"},{"taxonomy":"product_tag","embeddable":true,"href":"https:\/\/www.xn--szpargay-dpb.pl\/index.php\/wp-json\/wp\/v2\/product_tag?post=157"}],"curies":[{"name":"wp","href":"https:\/\/api.w.org\/{rel}","templated":true}]}}