{"id":1105,"date":"2026-04-27T11:16:27","date_gmt":"2026-04-27T11:16:27","guid":{"rendered":"https:\/\/www.xn--szpargay-dpb.pl\/?post_type=product&#038;p=1105"},"modified":"2026-04-27T11:16:27","modified_gmt":"2026-04-27T11:16:27","slug":"wieszak","status":"publish","type":"product","link":"https:\/\/www.xn--szpargay-dpb.pl\/index.php\/produkt\/wieszak\/","title":{"rendered":"Wieszak"},"content":{"rendered":"<p>Garderoba, wieszak, stela\u017c na ubrania w kolorze czarnym.<\/p>\n","protected":false},"excerpt":{"rendered":"<p>Wymiary wieszaka: D\u0142ugo\u015b\u0107 138 cm, wysoko\u015b\u0107 153 cm, u\u017cywany w bardzo dobrym stanie.<\/p>\n","protected":false},"featured_media":1104,"comment_status":"open","ping_status":"closed","template":"","meta":[],"product_brand":[],"product_cat":[17,18,23,181],"product_tag":[233,59,89],"class_list":{"0":"post-1105","1":"product","2":"type-product","3":"status-publish","4":"has-post-thumbnail","6":"product_cat-bez-kategorii","7":"product_cat-dom-i-ogrod","8":"product_cat-meble","9":"product_cat-zaproponuj-cene","10":"product_tag-garderoba","11":"product_tag-uzywane","12":"product_tag-wieszak","14":"first","15":"instock","16":"shipping-taxable","17":"purchasable","18":"product-type-simple"},"_links":{"self":[{"href":"https:\/\/www.xn--szpargay-dpb.pl\/index.php\/wp-json\/wp\/v2\/product\/1105","targetHints":{"allow":["GET"]}}],"collection":[{"href":"https:\/\/www.xn--szpargay-dpb.pl\/index.php\/wp-json\/wp\/v2\/product"}],"about":[{"href":"https:\/\/www.xn--szpargay-dpb.pl\/index.php\/wp-json\/wp\/v2\/types\/product"}],"replies":[{"embeddable":true,"href":"https:\/\/www.xn--szpargay-dpb.pl\/index.php\/wp-json\/wp\/v2\/comments?post=1105"}],"wp:featuredmedia":[{"embeddable":true,"href":"https:\/\/www.xn--szpargay-dpb.pl\/index.php\/wp-json\/wp\/v2\/media\/1104"}],"wp:attachment":[{"href":"https:\/\/www.xn--szpargay-dpb.pl\/index.php\/wp-json\/wp\/v2\/media?parent=1105"}],"wp:term":[{"taxonomy":"product_brand","embeddable":true,"href":"https:\/\/www.xn--szpargay-dpb.pl\/index.php\/wp-json\/wp\/v2\/product_brand?post=1105"},{"taxonomy":"product_cat","embeddable":true,"href":"https:\/\/www.xn--szpargay-dpb.pl\/index.php\/wp-json\/wp\/v2\/product_cat?post=1105"},{"taxonomy":"product_tag","embeddable":true,"href":"https:\/\/www.xn--szpargay-dpb.pl\/index.php\/wp-json\/wp\/v2\/product_tag?post=1105"}],"curies":[{"name":"wp","href":"https:\/\/api.w.org\/{rel}","templated":true}]}}