{"id":1074,"date":"2026-01-21T14:49:11","date_gmt":"2026-01-21T14:49:11","guid":{"rendered":"http:\/\/www.xn--szpargay-dpb.pl\/?post_type=product&#038;p=1074"},"modified":"2026-01-21T14:49:11","modified_gmt":"2026-01-21T14:49:11","slug":"1-rubel","status":"publish","type":"product","link":"https:\/\/www.xn--szpargay-dpb.pl\/index.php\/produkt\/1-rubel\/","title":{"rendered":"1 rubel"},"content":{"rendered":"<p>Radziecka moneta kolekcjonerska o nominale 1 rubla, upami\u0119tniaj\u0105ca 550. rocznic\u0119 urodzin Aliszera Nawoi.<\/p>\n","protected":false},"excerpt":{"rendered":"<ul>\n<li><strong>Nomina\u0142:<\/strong>\u00a01 rubel.<\/li>\n<li><strong>Rok emisji:<\/strong>\u00a01991.<\/li>\n<li><strong>Temat:<\/strong>\u00a0550. rocznica urodzin perskiego poety i wezyra Aliszera Nawoi.<\/li>\n<li><strong>Materia\u0142:<\/strong>\u00a0Mied\u017a-nikiel (Cu-Ni).<\/li>\n<li><strong>Stan:<\/strong>\u00a0Menniczy, stempel lustrzany (Proof).<\/li>\n<\/ul>\n","protected":false},"featured_media":1072,"comment_status":"open","ping_status":"closed","template":"","meta":[],"product_brand":[],"product_cat":[166,44],"product_tag":[167],"class_list":{"0":"post-1074","1":"product","2":"type-product","3":"status-publish","4":"has-post-thumbnail","6":"product_cat-monety","7":"product_cat-numizmatyka","8":"product_tag-moneta","10":"first","11":"instock","12":"shipping-taxable","13":"purchasable","14":"product-type-simple"},"_links":{"self":[{"href":"https:\/\/www.xn--szpargay-dpb.pl\/index.php\/wp-json\/wp\/v2\/product\/1074","targetHints":{"allow":["GET"]}}],"collection":[{"href":"https:\/\/www.xn--szpargay-dpb.pl\/index.php\/wp-json\/wp\/v2\/product"}],"about":[{"href":"https:\/\/www.xn--szpargay-dpb.pl\/index.php\/wp-json\/wp\/v2\/types\/product"}],"replies":[{"embeddable":true,"href":"https:\/\/www.xn--szpargay-dpb.pl\/index.php\/wp-json\/wp\/v2\/comments?post=1074"}],"wp:featuredmedia":[{"embeddable":true,"href":"https:\/\/www.xn--szpargay-dpb.pl\/index.php\/wp-json\/wp\/v2\/media\/1072"}],"wp:attachment":[{"href":"https:\/\/www.xn--szpargay-dpb.pl\/index.php\/wp-json\/wp\/v2\/media?parent=1074"}],"wp:term":[{"taxonomy":"product_brand","embeddable":true,"href":"https:\/\/www.xn--szpargay-dpb.pl\/index.php\/wp-json\/wp\/v2\/product_brand?post=1074"},{"taxonomy":"product_cat","embeddable":true,"href":"https:\/\/www.xn--szpargay-dpb.pl\/index.php\/wp-json\/wp\/v2\/product_cat?post=1074"},{"taxonomy":"product_tag","embeddable":true,"href":"https:\/\/www.xn--szpargay-dpb.pl\/index.php\/wp-json\/wp\/v2\/product_tag?post=1074"}],"curies":[{"name":"wp","href":"https:\/\/api.w.org\/{rel}","templated":true}]}}