{"id":1061,"date":"2026-01-11T07:35:07","date_gmt":"2026-01-11T07:35:07","guid":{"rendered":"http:\/\/www.xn--szpargay-dpb.pl\/?post_type=product&#038;p=1061"},"modified":"2026-01-11T07:35:07","modified_gmt":"2026-01-11T07:35:07","slug":"jana-pawla-ii-onz","status":"publish","type":"product","link":"https:\/\/www.xn--szpargay-dpb.pl\/index.php\/produkt\/jana-pawla-ii-onz\/","title":{"rendered":"Jana Paw\u0142a II ONZ"},"content":{"rendered":"<p>Srebrny medal upami\u0119tniaj\u0105cy przem\u00f3wienie Jana Paw\u0142a II na forum Organizacji Narod\u00f3w Zjednoczonych (ONZ).<\/p>\n","protected":false},"excerpt":{"rendered":"<ul>\n<li>Upami\u0119tnia przem\u00f3wienie papie\u017ca Jana Paw\u0142a II wyg\u0142oszone 2 pa\u017adziernika 1979 roku.<span class=\"v1pjBG2e\"><span class=\"v1UV3uM\">\u00a0<\/span><\/span>\n<div class=\"v1NPrrbc\">\n<div class=\"v1BMebGe v1btku5b v1LwdV0e v1FR7ZSc v1OJeuxf\">\n<div class=\"v1niO4u\"><\/div>\n<\/div>\n<\/div>\n<\/li>\n<li>Na awersie widnieje wizerunek papie\u017ca oraz napis &#8222;PRZEM\u00d3WIENIE NA FORUM ONZ 2.10.1979&#8221;.<span class=\"v1pjBG2e\"><span class=\"v1UV3uM\">\u00a0<\/span><\/span>\n<div class=\"v1NPrrbc\">\n<div class=\"v1BMebGe v1btku5b v1LwdV0e v1FR7ZSc v1OJeuxf\">\n<div class=\"v1niO4u\"><\/div>\n<\/div>\n<\/div>\n<\/li>\n<li>Medal srebro\u00a0 lustrzanka.<\/li>\n<\/ul>\n","protected":false},"featured_media":1059,"comment_status":"open","ping_status":"closed","template":"","meta":[],"product_brand":[],"product_cat":[166,44],"product_tag":[167],"class_list":{"0":"post-1061","1":"product","2":"type-product","3":"status-publish","4":"has-post-thumbnail","6":"product_cat-monety","7":"product_cat-numizmatyka","8":"product_tag-moneta","10":"first","11":"instock","12":"shipping-taxable","13":"purchasable","14":"product-type-simple"},"_links":{"self":[{"href":"https:\/\/www.xn--szpargay-dpb.pl\/index.php\/wp-json\/wp\/v2\/product\/1061","targetHints":{"allow":["GET"]}}],"collection":[{"href":"https:\/\/www.xn--szpargay-dpb.pl\/index.php\/wp-json\/wp\/v2\/product"}],"about":[{"href":"https:\/\/www.xn--szpargay-dpb.pl\/index.php\/wp-json\/wp\/v2\/types\/product"}],"replies":[{"embeddable":true,"href":"https:\/\/www.xn--szpargay-dpb.pl\/index.php\/wp-json\/wp\/v2\/comments?post=1061"}],"wp:featuredmedia":[{"embeddable":true,"href":"https:\/\/www.xn--szpargay-dpb.pl\/index.php\/wp-json\/wp\/v2\/media\/1059"}],"wp:attachment":[{"href":"https:\/\/www.xn--szpargay-dpb.pl\/index.php\/wp-json\/wp\/v2\/media?parent=1061"}],"wp:term":[{"taxonomy":"product_brand","embeddable":true,"href":"https:\/\/www.xn--szpargay-dpb.pl\/index.php\/wp-json\/wp\/v2\/product_brand?post=1061"},{"taxonomy":"product_cat","embeddable":true,"href":"https:\/\/www.xn--szpargay-dpb.pl\/index.php\/wp-json\/wp\/v2\/product_cat?post=1061"},{"taxonomy":"product_tag","embeddable":true,"href":"https:\/\/www.xn--szpargay-dpb.pl\/index.php\/wp-json\/wp\/v2\/product_tag?post=1061"}],"curies":[{"name":"wp","href":"https:\/\/api.w.org\/{rel}","templated":true}]}}