{"id":1055,"date":"2026-01-11T07:06:03","date_gmt":"2026-01-11T07:06:03","guid":{"rendered":"http:\/\/www.xn--szpargay-dpb.pl\/?post_type=product&#038;p=1055"},"modified":"2026-01-11T07:06:03","modified_gmt":"2026-01-11T07:06:03","slug":"medal-jana-pawla-ii","status":"publish","type":"product","link":"https:\/\/www.xn--szpargay-dpb.pl\/index.php\/produkt\/medal-jana-pawla-ii\/","title":{"rendered":"Medal Jana Paw\u0142a II"},"content":{"rendered":"<p>Srebrny medal upami\u0119tniaj\u0105cy inauguracj\u0119 pontyfikatu papie\u017ca Jana Paw\u0142a II.<\/p>\n","protected":false},"excerpt":{"rendered":"<ul>\n<li><strong>Temat:<\/strong>\u00a0Inauguracja pontyfikatu Jana Paw\u0142a II.<\/li>\n<li><strong>Data:<\/strong>\u00a022 pa\u017adziernika 1978 r.<\/li>\n<li><strong>Materia\u0142:<\/strong>\u00a0Srebro lustrzanka .<\/li>\n<li><strong>Awers:<\/strong>\u00a0Ukazuje papie\u017ca w szatach pontyfikalnych, z pastora\u0142em, w scenie inauguracji.<\/li>\n<li><strong>Napisy:<\/strong>\u00a0Widoczne napisy &#8222;INAUGURACJA PONTYFIKATU&#8221; oraz data &#8222;22.10.1978&#8221;.<\/li>\n<\/ul>\n","protected":false},"featured_media":1053,"comment_status":"open","ping_status":"closed","template":"","meta":[],"product_brand":[],"product_cat":[166,44],"product_tag":[167],"class_list":{"0":"post-1055","1":"product","2":"type-product","3":"status-publish","4":"has-post-thumbnail","6":"product_cat-monety","7":"product_cat-numizmatyka","8":"product_tag-moneta","10":"first","11":"instock","12":"shipping-taxable","13":"purchasable","14":"product-type-simple"},"_links":{"self":[{"href":"https:\/\/www.xn--szpargay-dpb.pl\/index.php\/wp-json\/wp\/v2\/product\/1055","targetHints":{"allow":["GET"]}}],"collection":[{"href":"https:\/\/www.xn--szpargay-dpb.pl\/index.php\/wp-json\/wp\/v2\/product"}],"about":[{"href":"https:\/\/www.xn--szpargay-dpb.pl\/index.php\/wp-json\/wp\/v2\/types\/product"}],"replies":[{"embeddable":true,"href":"https:\/\/www.xn--szpargay-dpb.pl\/index.php\/wp-json\/wp\/v2\/comments?post=1055"}],"wp:featuredmedia":[{"embeddable":true,"href":"https:\/\/www.xn--szpargay-dpb.pl\/index.php\/wp-json\/wp\/v2\/media\/1053"}],"wp:attachment":[{"href":"https:\/\/www.xn--szpargay-dpb.pl\/index.php\/wp-json\/wp\/v2\/media?parent=1055"}],"wp:term":[{"taxonomy":"product_brand","embeddable":true,"href":"https:\/\/www.xn--szpargay-dpb.pl\/index.php\/wp-json\/wp\/v2\/product_brand?post=1055"},{"taxonomy":"product_cat","embeddable":true,"href":"https:\/\/www.xn--szpargay-dpb.pl\/index.php\/wp-json\/wp\/v2\/product_cat?post=1055"},{"taxonomy":"product_tag","embeddable":true,"href":"https:\/\/www.xn--szpargay-dpb.pl\/index.php\/wp-json\/wp\/v2\/product_tag?post=1055"}],"curies":[{"name":"wp","href":"https:\/\/api.w.org\/{rel}","templated":true}]}}