{"id":1031,"date":"2026-01-09T14:09:53","date_gmt":"2026-01-09T14:09:53","guid":{"rendered":"http:\/\/www.xn--szpargay-dpb.pl\/?post_type=product&#038;p=1031"},"modified":"2026-01-09T14:09:53","modified_gmt":"2026-01-09T14:09:53","slug":"fryderyk-wielki-krol-prus","status":"publish","type":"product","link":"https:\/\/www.xn--szpargay-dpb.pl\/index.php\/produkt\/fryderyk-wielki-krol-prus\/","title":{"rendered":"Fryderyk Wielki Kr\u00f3l Prus"},"content":{"rendered":"<p>Jest to srebrny medal upami\u0119tniaj\u0105cy Fryderyka II Wielkiego, kr\u00f3la Prus.<\/p>\n","protected":false},"excerpt":{"rendered":"<ul>\n<li><strong>Materia\u0142:<\/strong>\u00a0Srebro<\/li>\n<li><strong>Awers:<\/strong>\u00a0Wizerunek Fryderyka II Wielkiego na koniu, z inskrypcj\u0105 &#8222;K\u00d6NIG FRIEDRICH II DER GROSSE&#8221; oraz datami &#8222;1712-1786&#8221;.<\/li>\n<li><strong>Stan:<\/strong>\u00a0Medal\u00a0\u00a0w stanie menniczym (UNC).<\/li>\n<\/ul>\n","protected":false},"featured_media":1030,"comment_status":"open","ping_status":"closed","template":"","meta":[],"product_brand":[],"product_cat":[166,44],"product_tag":[167],"class_list":{"0":"post-1031","1":"product","2":"type-product","3":"status-publish","4":"has-post-thumbnail","6":"product_cat-monety","7":"product_cat-numizmatyka","8":"product_tag-moneta","10":"first","11":"instock","12":"shipping-taxable","13":"purchasable","14":"product-type-simple"},"_links":{"self":[{"href":"https:\/\/www.xn--szpargay-dpb.pl\/index.php\/wp-json\/wp\/v2\/product\/1031","targetHints":{"allow":["GET"]}}],"collection":[{"href":"https:\/\/www.xn--szpargay-dpb.pl\/index.php\/wp-json\/wp\/v2\/product"}],"about":[{"href":"https:\/\/www.xn--szpargay-dpb.pl\/index.php\/wp-json\/wp\/v2\/types\/product"}],"replies":[{"embeddable":true,"href":"https:\/\/www.xn--szpargay-dpb.pl\/index.php\/wp-json\/wp\/v2\/comments?post=1031"}],"wp:featuredmedia":[{"embeddable":true,"href":"https:\/\/www.xn--szpargay-dpb.pl\/index.php\/wp-json\/wp\/v2\/media\/1030"}],"wp:attachment":[{"href":"https:\/\/www.xn--szpargay-dpb.pl\/index.php\/wp-json\/wp\/v2\/media?parent=1031"}],"wp:term":[{"taxonomy":"product_brand","embeddable":true,"href":"https:\/\/www.xn--szpargay-dpb.pl\/index.php\/wp-json\/wp\/v2\/product_brand?post=1031"},{"taxonomy":"product_cat","embeddable":true,"href":"https:\/\/www.xn--szpargay-dpb.pl\/index.php\/wp-json\/wp\/v2\/product_cat?post=1031"},{"taxonomy":"product_tag","embeddable":true,"href":"https:\/\/www.xn--szpargay-dpb.pl\/index.php\/wp-json\/wp\/v2\/product_tag?post=1031"}],"curies":[{"name":"wp","href":"https:\/\/api.w.org\/{rel}","templated":true}]}}