{"id":517,"date":"2025-12-13T06:10:00","date_gmt":"2025-12-13T06:10:00","guid":{"rendered":"http:\/\/www.xn--szpargay-dpb.pl\/?page_id=517"},"modified":"2026-01-02T11:43:37","modified_gmt":"2026-01-02T11:43:37","slug":"zyskaj-przestrzen-i-porzadek","status":"publish","type":"page","link":"https:\/\/www.xn--szpargay-dpb.pl\/index.php\/zyskaj-przestrzen-i-porzadek\/","title":{"rendered":"Zyskaj przestrze\u0144 i porz\u0105dek"},"content":{"rendered":"\n<p class=\"has-regular-font-size\">Zyskaj przestrze\u0144 i porz\u0105dek o jakim zawsze marzy\u0142e\u015b. Opr\u00f3\u017cniamy, gara\u017ce, piwnice, altany, kom\u00f3rki, magazyny oraz sklepy po likwidacji.<\/p>\n\n\n\n<p>Informacja  +48 500 236 541<\/p>\n\n\n\n<p>Wycen\u0119 ustalamy przed wykonaniem us\u0142ugi u klienta.<\/p>\n\n\n\n<p><\/p>\n","protected":false},"excerpt":{"rendered":"<p>Zyskaj przestrze\u0144 i porz\u0105dek o jakim zawsze marzy\u0142e\u015b. Opr\u00f3\u017cniamy, gara\u017ce, piwnice, altany, kom\u00f3rki, magazyny oraz sklepy po likwidacji. Informacja +48&hellip;<\/p>\n","protected":false},"author":1,"featured_media":0,"parent":0,"menu_order":0,"comment_status":"closed","ping_status":"closed","template":"","meta":{"footnotes":""},"class_list":["post-517","page","type-page","status-publish","hentry"],"_links":{"self":[{"href":"https:\/\/www.xn--szpargay-dpb.pl\/index.php\/wp-json\/wp\/v2\/pages\/517","targetHints":{"allow":["GET"]}}],"collection":[{"href":"https:\/\/www.xn--szpargay-dpb.pl\/index.php\/wp-json\/wp\/v2\/pages"}],"about":[{"href":"https:\/\/www.xn--szpargay-dpb.pl\/index.php\/wp-json\/wp\/v2\/types\/page"}],"author":[{"embeddable":true,"href":"https:\/\/www.xn--szpargay-dpb.pl\/index.php\/wp-json\/wp\/v2\/users\/1"}],"replies":[{"embeddable":true,"href":"https:\/\/www.xn--szpargay-dpb.pl\/index.php\/wp-json\/wp\/v2\/comments?post=517"}],"version-history":[{"count":4,"href":"https:\/\/www.xn--szpargay-dpb.pl\/index.php\/wp-json\/wp\/v2\/pages\/517\/revisions"}],"predecessor-version":[{"id":523,"href":"https:\/\/www.xn--szpargay-dpb.pl\/index.php\/wp-json\/wp\/v2\/pages\/517\/revisions\/523"}],"wp:attachment":[{"href":"https:\/\/www.xn--szpargay-dpb.pl\/index.php\/wp-json\/wp\/v2\/media?parent=517"}],"curies":[{"name":"wp","href":"https:\/\/api.w.org\/{rel}","templated":true}]}}