{"id":1015,"date":"2025-12-22T13:14:57","date_gmt":"2025-12-22T13:14:57","guid":{"rendered":"http:\/\/www.xn--szpargay-dpb.pl\/?page_id=1015"},"modified":"2025-12-22T13:22:33","modified_gmt":"2025-12-22T13:22:33","slug":"zareklamuj-swoja-firme","status":"publish","type":"page","link":"https:\/\/www.xn--szpargay-dpb.pl\/index.php\/zareklamuj-swoja-firme\/","title":{"rendered":"Zareklamuj swoj\u0105 firm\u0119"},"content":{"rendered":"\n<p>Serwis pozwala doda\u0107 tre\u015bci reklamy i zdj\u0119cia. Po klikni\u0119ciu na zdj\u0119cie nast\u0105pi przekierowanie do strony firmy. Wykorzystuj r\u00f3\u017cnorodne metody promocji za niewielk\u0105 cen\u0119. To dodatkowe wsparcie w identyfikacji Twojego biznesu.<\/p>\n\n\n\n<p>Wy\u015blij wiadomo\u015b\u0107 na info@szparga\u0142y.pl w tre\u015bci wpisz: <strong>Twoje imi\u0119 i nazwisko | Nazwa firny, Nr telefonu, Tw\u00f3j adres e-mail,<\/strong> <strong>Wpisz tre\u015b\u0107 og\u0142oszenia | Reklamy, Wybierz zdj\u0119cie o rozmiarach: 1000\/1000 px; format jpg., wielko\u015b\u0107 do 1mb.<\/strong><\/p>\n\n\n\n<p>Czasu emisji reklamy: 1 miesi\u0105c 50 z\u0142 <\/p>\n\n\n\n<p>Aby Twoje zlecenie mog\u0142o by\u0107 zrealizowane potrzebujemy zgody na kontakt. Wyra\u017cam dobrowoln\u0105 zgod\u0119 na kontakt telefoniczny lub\/i e-mail\/osobisty.<\/p>\n\n\n\n<p><strong>Potrzebujesz wi\u0119cej informacji? Zadzwo\u0144 | Jurek +48 500 236 541<\/strong><\/p>\n\n\n\n<p><\/p>\n","protected":false},"excerpt":{"rendered":"<p>Serwis pozwala doda\u0107 tre\u015bci reklamy i zdj\u0119cia. Po klikni\u0119ciu na zdj\u0119cie nast\u0105pi przekierowanie do strony firmy. Wykorzystuj r\u00f3\u017cnorodne metody promocji&hellip;<\/p>\n","protected":false},"author":1,"featured_media":0,"parent":0,"menu_order":0,"comment_status":"closed","ping_status":"closed","template":"","meta":{"footnotes":""},"class_list":["post-1015","page","type-page","status-publish","hentry"],"_links":{"self":[{"href":"https:\/\/www.xn--szpargay-dpb.pl\/index.php\/wp-json\/wp\/v2\/pages\/1015","targetHints":{"allow":["GET"]}}],"collection":[{"href":"https:\/\/www.xn--szpargay-dpb.pl\/index.php\/wp-json\/wp\/v2\/pages"}],"about":[{"href":"https:\/\/www.xn--szpargay-dpb.pl\/index.php\/wp-json\/wp\/v2\/types\/page"}],"author":[{"embeddable":true,"href":"https:\/\/www.xn--szpargay-dpb.pl\/index.php\/wp-json\/wp\/v2\/users\/1"}],"replies":[{"embeddable":true,"href":"https:\/\/www.xn--szpargay-dpb.pl\/index.php\/wp-json\/wp\/v2\/comments?post=1015"}],"version-history":[{"count":4,"href":"https:\/\/www.xn--szpargay-dpb.pl\/index.php\/wp-json\/wp\/v2\/pages\/1015\/revisions"}],"predecessor-version":[{"id":1022,"href":"https:\/\/www.xn--szpargay-dpb.pl\/index.php\/wp-json\/wp\/v2\/pages\/1015\/revisions\/1022"}],"wp:attachment":[{"href":"https:\/\/www.xn--szpargay-dpb.pl\/index.php\/wp-json\/wp\/v2\/media?parent=1015"}],"curies":[{"name":"wp","href":"https:\/\/api.w.org\/{rel}","templated":true}]}}