{"id":728,"date":"2025-07-31T06:45:35","date_gmt":"2025-07-31T06:45:35","guid":{"rendered":"http:\/\/www.xn--szpargay-dpb.pl\/?post_type=product&#038;p=728"},"modified":"2025-11-06T14:46:01","modified_gmt":"2025-11-06T14:46:01","slug":"komplet-mebli","status":"publish","type":"product","link":"https:\/\/www.xn--szpargay-dpb.pl\/index.php\/produkt\/komplet-mebli\/","title":{"rendered":"Komplet mebli"},"content":{"rendered":"<p>Komplet mebli biesiadnych, na kt\u00f3ry sk\u0142ada si\u0119 st\u00f3\u0142 2 \u0142awy oraz 2 krzes\u0142a.<\/p>\n","protected":false},"excerpt":{"rendered":"<p>Komplet mebli biesiadnych, na kt\u00f3ry sk\u0142ada si\u0119 st\u00f3\u0142, 2 \u0142awy oraz 2 krzes\u0142a. Komplet o d\u0142ugo\u015bci 200 cm . Wymiary sto\u0142u wynosz\u0105 200 cm X 80 cm.Wymiary \u0142awy to 200 cm X 60 cm. Wymiary sto\u0142ka 60 X 60 cm.<\/p>\n","protected":false},"featured_media":727,"comment_status":"open","ping_status":"closed","template":"","meta":[],"product_brand":[],"product_cat":[18,23,30,213],"product_tag":[215,225,183,214],"class_list":{"0":"post-728","1":"product","2":"type-product","3":"status-publish","4":"has-post-thumbnail","6":"product_cat-dom-i-ogrod","7":"product_cat-meble","8":"product_cat-produkty-premium","9":"product_cat-strefa-producenta-mebli","10":"product_tag-komplet-mebli","11":"product_tag-marketplace","12":"product_tag-olkusz","13":"product_tag-palisander","15":"first","16":"instock","17":"sale","18":"shipping-taxable","19":"purchasable","20":"product-type-simple"},"_links":{"self":[{"href":"https:\/\/www.xn--szpargay-dpb.pl\/index.php\/wp-json\/wp\/v2\/product\/728","targetHints":{"allow":["GET"]}}],"collection":[{"href":"https:\/\/www.xn--szpargay-dpb.pl\/index.php\/wp-json\/wp\/v2\/product"}],"about":[{"href":"https:\/\/www.xn--szpargay-dpb.pl\/index.php\/wp-json\/wp\/v2\/types\/product"}],"replies":[{"embeddable":true,"href":"https:\/\/www.xn--szpargay-dpb.pl\/index.php\/wp-json\/wp\/v2\/comments?post=728"}],"wp:featuredmedia":[{"embeddable":true,"href":"https:\/\/www.xn--szpargay-dpb.pl\/index.php\/wp-json\/wp\/v2\/media\/727"}],"wp:attachment":[{"href":"https:\/\/www.xn--szpargay-dpb.pl\/index.php\/wp-json\/wp\/v2\/media?parent=728"}],"wp:term":[{"taxonomy":"product_brand","embeddable":true,"href":"https:\/\/www.xn--szpargay-dpb.pl\/index.php\/wp-json\/wp\/v2\/product_brand?post=728"},{"taxonomy":"product_cat","embeddable":true,"href":"https:\/\/www.xn--szpargay-dpb.pl\/index.php\/wp-json\/wp\/v2\/product_cat?post=728"},{"taxonomy":"product_tag","embeddable":true,"href":"https:\/\/www.xn--szpargay-dpb.pl\/index.php\/wp-json\/wp\/v2\/product_tag?post=728"}],"curies":[{"name":"wp","href":"https:\/\/api.w.org\/{rel}","templated":true}]}}