{"id":713,"date":"2025-07-29T09:42:57","date_gmt":"2025-07-29T09:42:57","guid":{"rendered":"http:\/\/www.xn--szpargay-dpb.pl\/?post_type=product&#038;p=713"},"modified":"2025-11-06T14:51:59","modified_gmt":"2025-11-06T14:51:59","slug":"multicooker-lumme","status":"publish","type":"product","link":"https:\/\/www.xn--szpargay-dpb.pl\/index.php\/produkt\/multicooker-lumme\/","title":{"rendered":"Multicooker LUMME"},"content":{"rendered":"<p>Urz\u0105dzenie wielofunkcyjne do gotowania NOWE. Multicooker posiada du\u017ce mo\u017cliwo\u015bci w zakresie codziennego gotowania. Liczne tryby automatycznego ogrzewania uzupe\u0142nia specjalny tryb \u201eMultipovar\u201d z r\u0119cznym ustawianiem temperatury i czasu obr\u00f3bki cieplnej. Temperatur\u0119 mo\u017cna regulowa\u0107 w zakresie od 30 do 180 \u00b0 C, a czas gotowania &#8211; od 0,5 do 24 godzin. Dodatkowo multicooker LUMME LU-1453 zosta\u0142 wyposa\u017cony w funkcj\u0119 \u201eChef\u201d, dzi\u0119ki kt\u00f3rej mo\u017cna dokona\u0107 korekty standardowych program\u00f3w gotowania.<\/p>\n<p>&nbsp;<\/p>\n<p>&nbsp;<\/p>\n","protected":false},"excerpt":{"rendered":"<p>Pod koniec obr\u00f3bki cieplnej w\u0142\u0105cza si\u0119 opcja podgrzewania co jest bardzo wygodne je\u015bli posi\u0142ek zostanie od\u0142o\u017cony na chwil\u0119 w razie potrzeby funkcj\u0119 ogrzewania mo\u017cna wy\u0142\u0105czy\u0107. Urz\u0105dzenie mo\u017ce s\u0142u\u017cy\u0107 np. do wyrastania ciasta.<\/p>\n","protected":false},"featured_media":716,"comment_status":"open","ping_status":"closed","template":"","meta":[],"product_brand":[],"product_cat":[17,19,30,27,181],"product_tag":[86,225,212,62],"class_list":{"0":"post-713","1":"product","2":"type-product","3":"status-publish","4":"has-post-thumbnail","6":"product_cat-bez-kategorii","7":"product_cat-elektronika","8":"product_cat-produkty-premium","9":"product_cat-rtv-i-agd","10":"product_cat-zaproponuj-cene","11":"product_tag-kuchnia","12":"product_tag-marketplace","13":"product_tag-multicooker","14":"product_tag-stan-nowy","16":"first","17":"instock","18":"sale","19":"shipping-taxable","20":"purchasable","21":"product-type-simple"},"_links":{"self":[{"href":"https:\/\/www.xn--szpargay-dpb.pl\/index.php\/wp-json\/wp\/v2\/product\/713","targetHints":{"allow":["GET"]}}],"collection":[{"href":"https:\/\/www.xn--szpargay-dpb.pl\/index.php\/wp-json\/wp\/v2\/product"}],"about":[{"href":"https:\/\/www.xn--szpargay-dpb.pl\/index.php\/wp-json\/wp\/v2\/types\/product"}],"replies":[{"embeddable":true,"href":"https:\/\/www.xn--szpargay-dpb.pl\/index.php\/wp-json\/wp\/v2\/comments?post=713"}],"wp:featuredmedia":[{"embeddable":true,"href":"https:\/\/www.xn--szpargay-dpb.pl\/index.php\/wp-json\/wp\/v2\/media\/716"}],"wp:attachment":[{"href":"https:\/\/www.xn--szpargay-dpb.pl\/index.php\/wp-json\/wp\/v2\/media?parent=713"}],"wp:term":[{"taxonomy":"product_brand","embeddable":true,"href":"https:\/\/www.xn--szpargay-dpb.pl\/index.php\/wp-json\/wp\/v2\/product_brand?post=713"},{"taxonomy":"product_cat","embeddable":true,"href":"https:\/\/www.xn--szpargay-dpb.pl\/index.php\/wp-json\/wp\/v2\/product_cat?post=713"},{"taxonomy":"product_tag","embeddable":true,"href":"https:\/\/www.xn--szpargay-dpb.pl\/index.php\/wp-json\/wp\/v2\/product_tag?post=713"}],"curies":[{"name":"wp","href":"https:\/\/api.w.org\/{rel}","templated":true}]}}